{"id":6355,"date":"2025-05-15T18:59:45","date_gmt":"2025-05-15T18:59:45","guid":{"rendered":"https:\/\/zanpetek.si\/?post_type=product&#038;p=6355"},"modified":"2025-05-29T09:35:28","modified_gmt":"2025-05-29T09:35:28","slug":"pdf-poletna-fit-postavca-te-se-vedno-caka","status":"publish","type":"product","link":"https:\/\/zanpetek.si\/en\/product\/pdf-poletna-fit-postavca-te-se-vedno-caka\/","title":{"rendered":"PDF: Poletna fit postav&#8217;ca te \u0161e vedno \u010daka!"},"content":{"rendered":"<p style=\"text-align: center;\" data-start=\"192\" data-end=\"468\">Si \u017eeli\u0161 poleti zasijati v svoji najbolj\u0161i formi? Na\u0161 e-priro\u010dnik je tvoj prvi korak do fit postave! V tem pripravljalnem obdobju (maj\/junij) te vodimo skozi enostavne, a u\u010dinkovite korake za izbolj\u0161anje telesne pripravljenosti, zdravih navad in pravilne prehrane.<\/p>\n<p style=\"text-align: center;\" data-start=\"470\" data-end=\"501\"><strong data-start=\"470\" data-end=\"499\">Kaj te \u010daka v priro\u010dniku?<\/strong><\/p>\n<ul style=\"text-align: center;\">\n<li data-start=\"504\" data-end=\"553\">Preprosti in prilagodljivi treningi za vsak dan<\/li>\n<li data-start=\"556\" data-end=\"607\">Nasveti za uravnote\u017eeno prehrano, ki ni zapletena<\/li>\n<li data-start=\"610\" data-end=\"657\">Motivacijski triki, kako ostati na pravi poti<\/li>\n<li data-start=\"717\" data-end=\"763\">Plan za postopno napredovanje do poletne forme<\/li>\n<\/ul>\n<p style=\"text-align: center;\" data-start=\"765\" data-end=\"946\"><strong data-start=\"765\" data-end=\"780\">Zakaj zdaj?<\/strong><br data-start=\"780\" data-end=\"783\" \/>Maj in junij sta idealna \u010dasa, da za\u010dne\u0161 graditi svoje nove navade brez stresa in hitrih diet. Pripravi svoje telo na poletje z lahkoto in brez drasti\u010dnih ukrepov.<\/p>\n<p style=\"text-align: center;\" data-start=\"948\" data-end=\"1084\"><strong data-start=\"948\" data-end=\"986\">Posebna cena: 4,90 \u20ac<\/strong><br data-start=\"986\" data-end=\"989\" \/><strong>Za omejen \u010das ti nudim priro\u010dnik po ugodni ceni,<\/strong> da te podpiramo na tvoji poti do fit postave &#8211; ker si kot osebni trener res \u017eelim, da je zdrav na\u010din \u017eivljenja cenovno dostopen vsakomur!<\/p>\n<p style=\"text-align: center;\" data-start=\"948\" data-end=\"1084\"><strong>Za ceno ene ledene kave <\/strong>&#8230; dodaj v ko\u0161arico, opravi nakup in \u0161e isti trenutek, ko bo pla\u010dilo izvedeno, ti po\u0161ljem priro\u010dnik na mail!<br \/>\n<strong>\u010ce ima\u0161 kak\u0161no dilemo ali vpra\u0161anje sem tukaj zate.<\/strong><\/p>\n<p data-start=\"948\" data-end=\"1084\">\n<p data-start=\"948\" data-end=\"1084\">\n<p data-start=\"948\" data-end=\"1084\">","protected":false},"excerpt":{"rendered":"<p><strong>Poletje je pred vrati \u2013 tvoja fit postava tudi.<\/strong><\/p>\n<ul>\n<li data-start=\"670\" data-end=\"760\"><em data-start=\"670\" data-end=\"760\">E-<\/em><em data-start=\"670\" data-end=\"760\">priro\u010dnik za bolj\u0161o postavo, ve\u010d samozavesti in bolj\u0161e po\u010dutje &#8211; <strong>brez kompliciranja!<\/strong><\/em><\/li>\n<li data-start=\"763\" data-end=\"844\"><em data-start=\"763\" data-end=\"844\">6-tedenski program, ki te vodi od osnov do forme. <strong>Idealno za doma, brez opreme in pripomo\u010dkov!<\/strong><\/em><\/li>\n<\/ul>","protected":false},"featured_media":6367,"comment_status":"open","ping_status":"closed","template":"","meta":[],"product_brand":[],"product_cat":[200,79],"product_tag":[],"class_list":{"0":"post-6355","1":"product","2":"type-product","3":"status-publish","4":"has-post-thumbnail","6":"product_cat-e-prirocnik","7":"product_cat-storitve","9":"first","10":"instock","11":"sale","12":"downloadable","13":"virtual","14":"taxable","15":"purchasable","16":"product-type-simple"},"yoast_head":"<!-- This site is optimized with the Yoast SEO plugin v25.0 - https:\/\/yoast.com\/wordpress\/plugins\/seo\/ -->\n<title>PDF: Poletna fit postav&#039;ca te \u0161e vedno \u010daka! - Zan Petek<\/title>\n<meta name=\"description\" content=\"Pripravite svojo fit postavo do poletja! Prenesi e-priro\u010dnik z vadbo, prehrano in konkretnimi napotki. Za\u010dni danes \u2013 poletje prihaja!\" \/>\n<meta name=\"robots\" content=\"index, follow, max-snippet:-1, max-image-preview:large, max-video-preview:-1\" \/>\n<link rel=\"canonical\" href=\"https:\/\/zanpetek.si\/en\/product\/pdf-poletna-fit-postavca-te-se-vedno-caka\/\" \/>\n<meta property=\"og:locale\" content=\"en_US\" \/>\n<meta property=\"og:type\" content=\"article\" \/>\n<meta property=\"og:title\" content=\"PDF: Poletna fit postav&#039;ca te \u0161e vedno \u010daka! - Zan Petek\" \/>\n<meta property=\"og:description\" content=\"Pripravite svojo fit postavo do poletja! Prenesi e-priro\u010dnik z vadbo, prehrano in konkretnimi napotki. Za\u010dni danes \u2013 poletje prihaja!\" \/>\n<meta property=\"og:url\" content=\"https:\/\/zanpetek.si\/en\/product\/pdf-poletna-fit-postavca-te-se-vedno-caka\/\" \/>\n<meta property=\"og:site_name\" content=\"Zan Petek\" \/>\n<meta property=\"article:modified_time\" content=\"2025-05-29T09:35:28+00:00\" \/>\n<meta property=\"og:image\" content=\"https:\/\/zanpetek.si\/wp-content\/uploads\/2025\/05\/Poletna-fit-postvca-te-se-vedno-caka-1080-x-1080-pik.png\" \/>\n\t<meta property=\"og:image:width\" content=\"1080\" \/>\n\t<meta property=\"og:image:height\" content=\"1080\" \/>\n\t<meta property=\"og:image:type\" content=\"image\/png\" \/>\n<meta name=\"twitter:card\" content=\"summary_large_image\" \/>\n<meta name=\"twitter:label1\" content=\"Est. reading time\" \/>\n\t<meta name=\"twitter:data1\" content=\"2 minutes\" \/>\n<script type=\"application\/ld+json\" class=\"yoast-schema-graph\">{\"@context\":\"https:\/\/schema.org\",\"@graph\":[{\"@type\":\"WebPage\",\"@id\":\"https:\/\/zanpetek.si\/izdelek\/pdf-poletna-fit-postavca-te-se-vedno-caka\/\",\"url\":\"https:\/\/zanpetek.si\/izdelek\/pdf-poletna-fit-postavca-te-se-vedno-caka\/\",\"name\":\"PDF: Poletna fit postav'ca te \u0161e vedno \u010daka! - Zan Petek\",\"isPartOf\":{\"@id\":\"https:\/\/zanpetek.si\/#website\"},\"primaryImageOfPage\":{\"@id\":\"https:\/\/zanpetek.si\/izdelek\/pdf-poletna-fit-postavca-te-se-vedno-caka\/#primaryimage\"},\"image\":{\"@id\":\"https:\/\/zanpetek.si\/izdelek\/pdf-poletna-fit-postavca-te-se-vedno-caka\/#primaryimage\"},\"thumbnailUrl\":\"https:\/\/zanpetek.si\/wp-content\/uploads\/2025\/05\/Poletna-fit-postvca-te-se-vedno-caka-1080-x-1080-pik.png\",\"datePublished\":\"2025-05-15T18:59:45+00:00\",\"dateModified\":\"2025-05-29T09:35:28+00:00\",\"description\":\"Pripravite svojo fit postavo do poletja! Prenesi e-priro\u010dnik z vadbo, prehrano in konkretnimi napotki. Za\u010dni danes \u2013 poletje prihaja!\",\"breadcrumb\":{\"@id\":\"https:\/\/zanpetek.si\/izdelek\/pdf-poletna-fit-postavca-te-se-vedno-caka\/#breadcrumb\"},\"inLanguage\":\"en-US\",\"potentialAction\":[{\"@type\":\"ReadAction\",\"target\":[\"https:\/\/zanpetek.si\/izdelek\/pdf-poletna-fit-postavca-te-se-vedno-caka\/\"]}]},{\"@type\":\"ImageObject\",\"inLanguage\":\"en-US\",\"@id\":\"https:\/\/zanpetek.si\/izdelek\/pdf-poletna-fit-postavca-te-se-vedno-caka\/#primaryimage\",\"url\":\"https:\/\/zanpetek.si\/wp-content\/uploads\/2025\/05\/Poletna-fit-postvca-te-se-vedno-caka-1080-x-1080-pik.png\",\"contentUrl\":\"https:\/\/zanpetek.si\/wp-content\/uploads\/2025\/05\/Poletna-fit-postvca-te-se-vedno-caka-1080-x-1080-pik.png\",\"width\":1080,\"height\":1080},{\"@type\":\"BreadcrumbList\",\"@id\":\"https:\/\/zanpetek.si\/izdelek\/pdf-poletna-fit-postavca-te-se-vedno-caka\/#breadcrumb\",\"itemListElement\":[{\"@type\":\"ListItem\",\"position\":1,\"name\":\"Home\",\"item\":\"https:\/\/zanpetek.si\/\"},{\"@type\":\"ListItem\",\"position\":2,\"name\":\"Trgovina\",\"item\":\"https:\/\/zanpetek.si\/trgovina\/\"},{\"@type\":\"ListItem\",\"position\":3,\"name\":\"PDF: Poletna fit postav&#8217;ca te \u0161e vedno \u010daka!\"}]},{\"@type\":\"WebSite\",\"@id\":\"https:\/\/zanpetek.si\/#website\",\"url\":\"https:\/\/zanpetek.si\/\",\"name\":\"Zan Petek\",\"description\":\"zanpetek.si\",\"potentialAction\":[{\"@type\":\"SearchAction\",\"target\":{\"@type\":\"EntryPoint\",\"urlTemplate\":\"https:\/\/zanpetek.si\/?s={search_term_string}\"},\"query-input\":{\"@type\":\"PropertyValueSpecification\",\"valueRequired\":true,\"valueName\":\"search_term_string\"}}],\"inLanguage\":\"en-US\"}]}<\/script>\n<!-- \/ Yoast SEO plugin. -->","yoast_head_json":{"title":"PDF: Poletna fit postav'ca te \u0161e vedno \u010daka! - Zan Petek","description":"Pripravite svojo fit postavo do poletja! Prenesi e-priro\u010dnik z vadbo, prehrano in konkretnimi napotki. Za\u010dni danes \u2013 poletje prihaja!","robots":{"index":"index","follow":"follow","max-snippet":"max-snippet:-1","max-image-preview":"max-image-preview:large","max-video-preview":"max-video-preview:-1"},"canonical":"https:\/\/zanpetek.si\/en\/product\/pdf-poletna-fit-postavca-te-se-vedno-caka\/","og_locale":"en_US","og_type":"article","og_title":"PDF: Poletna fit postav'ca te \u0161e vedno \u010daka! - Zan Petek","og_description":"Pripravite svojo fit postavo do poletja! Prenesi e-priro\u010dnik z vadbo, prehrano in konkretnimi napotki. Za\u010dni danes \u2013 poletje prihaja!","og_url":"https:\/\/zanpetek.si\/en\/product\/pdf-poletna-fit-postavca-te-se-vedno-caka\/","og_site_name":"Zan Petek","article_modified_time":"2025-05-29T09:35:28+00:00","og_image":[{"width":1080,"height":1080,"url":"https:\/\/zanpetek.si\/wp-content\/uploads\/2025\/05\/Poletna-fit-postvca-te-se-vedno-caka-1080-x-1080-pik.png","type":"image\/png"}],"twitter_card":"summary_large_image","twitter_misc":{"Est. reading time":"2 minutes"},"schema":{"@context":"https:\/\/schema.org","@graph":[{"@type":"WebPage","@id":"https:\/\/zanpetek.si\/izdelek\/pdf-poletna-fit-postavca-te-se-vedno-caka\/","url":"https:\/\/zanpetek.si\/izdelek\/pdf-poletna-fit-postavca-te-se-vedno-caka\/","name":"PDF: Poletna fit postav'ca te \u0161e vedno \u010daka! - Zan Petek","isPartOf":{"@id":"https:\/\/zanpetek.si\/#website"},"primaryImageOfPage":{"@id":"https:\/\/zanpetek.si\/izdelek\/pdf-poletna-fit-postavca-te-se-vedno-caka\/#primaryimage"},"image":{"@id":"https:\/\/zanpetek.si\/izdelek\/pdf-poletna-fit-postavca-te-se-vedno-caka\/#primaryimage"},"thumbnailUrl":"https:\/\/zanpetek.si\/wp-content\/uploads\/2025\/05\/Poletna-fit-postvca-te-se-vedno-caka-1080-x-1080-pik.png","datePublished":"2025-05-15T18:59:45+00:00","dateModified":"2025-05-29T09:35:28+00:00","description":"Pripravite svojo fit postavo do poletja! Prenesi e-priro\u010dnik z vadbo, prehrano in konkretnimi napotki. Za\u010dni danes \u2013 poletje prihaja!","breadcrumb":{"@id":"https:\/\/zanpetek.si\/izdelek\/pdf-poletna-fit-postavca-te-se-vedno-caka\/#breadcrumb"},"inLanguage":"en-US","potentialAction":[{"@type":"ReadAction","target":["https:\/\/zanpetek.si\/izdelek\/pdf-poletna-fit-postavca-te-se-vedno-caka\/"]}]},{"@type":"ImageObject","inLanguage":"en-US","@id":"https:\/\/zanpetek.si\/izdelek\/pdf-poletna-fit-postavca-te-se-vedno-caka\/#primaryimage","url":"https:\/\/zanpetek.si\/wp-content\/uploads\/2025\/05\/Poletna-fit-postvca-te-se-vedno-caka-1080-x-1080-pik.png","contentUrl":"https:\/\/zanpetek.si\/wp-content\/uploads\/2025\/05\/Poletna-fit-postvca-te-se-vedno-caka-1080-x-1080-pik.png","width":1080,"height":1080},{"@type":"BreadcrumbList","@id":"https:\/\/zanpetek.si\/izdelek\/pdf-poletna-fit-postavca-te-se-vedno-caka\/#breadcrumb","itemListElement":[{"@type":"ListItem","position":1,"name":"Home","item":"https:\/\/zanpetek.si\/"},{"@type":"ListItem","position":2,"name":"Trgovina","item":"https:\/\/zanpetek.si\/trgovina\/"},{"@type":"ListItem","position":3,"name":"PDF: Poletna fit postav&#8217;ca te \u0161e vedno \u010daka!"}]},{"@type":"WebSite","@id":"https:\/\/zanpetek.si\/#website","url":"https:\/\/zanpetek.si\/","name":"Zan Petek","description":"zanpetek.si","potentialAction":[{"@type":"SearchAction","target":{"@type":"EntryPoint","urlTemplate":"https:\/\/zanpetek.si\/?s={search_term_string}"},"query-input":{"@type":"PropertyValueSpecification","valueRequired":true,"valueName":"search_term_string"}}],"inLanguage":"en-US"}]}},"_links":{"self":[{"href":"https:\/\/zanpetek.si\/en\/wp-json\/wp\/v2\/product\/6355","targetHints":{"allow":["GET"]}}],"collection":[{"href":"https:\/\/zanpetek.si\/en\/wp-json\/wp\/v2\/product"}],"about":[{"href":"https:\/\/zanpetek.si\/en\/wp-json\/wp\/v2\/types\/product"}],"replies":[{"embeddable":true,"href":"https:\/\/zanpetek.si\/en\/wp-json\/wp\/v2\/comments?post=6355"}],"wp:featuredmedia":[{"embeddable":true,"href":"https:\/\/zanpetek.si\/en\/wp-json\/wp\/v2\/media\/6367"}],"wp:attachment":[{"href":"https:\/\/zanpetek.si\/en\/wp-json\/wp\/v2\/media?parent=6355"}],"wp:term":[{"taxonomy":"product_brand","embeddable":true,"href":"https:\/\/zanpetek.si\/en\/wp-json\/wp\/v2\/product_brand?post=6355"},{"taxonomy":"product_cat","embeddable":true,"href":"https:\/\/zanpetek.si\/en\/wp-json\/wp\/v2\/product_cat?post=6355"},{"taxonomy":"product_tag","embeddable":true,"href":"https:\/\/zanpetek.si\/en\/wp-json\/wp\/v2\/product_tag?post=6355"}],"curies":[{"name":"wp","href":"https:\/\/api.w.org\/{rel}","templated":true}]}}