{"id":6068,"date":"2024-06-12T10:20:27","date_gmt":"2024-06-12T10:20:27","guid":{"rendered":"https:\/\/zanpetek.si\/?post_type=product&#038;p=6068"},"modified":"2025-05-29T09:37:00","modified_gmt":"2025-05-29T09:37:00","slug":"gibalni-virtuoz","status":"publish","type":"product","link":"https:\/\/zanpetek.si\/en\/product\/gibalni-virtuoz\/","title":{"rendered":"GIBALNI VIRTUOZ"},"content":{"rendered":"<p style=\"text-align: center;\"><strong>KAJ VSEBUJE:<\/strong><\/p>\n<p style=\"text-align: center;\"><strong>\u2714<\/strong>Sestava vadbe za izku\u0161ene<\/p>\n<p>&nbsp;<\/p>\n<p style=\"text-align: center;\" data-sourcepos=\"5:1-5:40\"><strong>Program Gibalni virtuoz je namenjen:<\/strong><\/p>\n<ul style=\"text-align: center;\" data-sourcepos=\"7:1-7:61\">\n<li data-sourcepos=\"7:1-7:61\">Izku\u0161enim \u0161portnikom in tekmovalcem, ki \u017eelijo optimizirati svoj trening in dose\u010di vrhunske rezultate.<\/li>\n<li data-sourcepos=\"8:1-8:84\">Vsem, ki si \u017eelijo izbolj\u0161ati svojo telesno pripravljenost na profesionalni ravni.<\/li>\n<li data-sourcepos=\"9:1-9:68\">\u0160portnikom, ki se pripravljajo na pomembna tekmovanja ali dose\u017eke.<\/li>\n<li data-sourcepos=\"10:1-11:0\">Vsakomur, ki si \u017eeli izkoristiti svoj polni \u0161portni potencial.<\/li>\n<\/ul>\n<p>&nbsp;<\/p>\n<p style=\"text-align: center;\" data-sourcepos=\"12:1-12:41\"><strong>Kaj vam prina\u0161a program Gibalni virtuoz:<\/strong><\/p>\n<p style=\"text-align: center;\">\u00a0Program, sestavljen po meri za vas, upo\u0161tevajo\u010d va\u0161e izku\u0161nje, telesno pripravljenost, \u0161portno disciplino, cilje in \u017eelje.<\/p>\n<p style=\"text-align: center;\">\u00a0Podrobne video demonstracije vaj z jasnimi navodili in nasveti za pravilno izvedbo in prepre\u010devanje po\u0161kodb.<\/p>\n<p style=\"text-align: center;\">Dostop do izku\u0161enega strokovnjaka, mene, kot certificiranega trenerja za vadbo, ki vam bom z veseljem pomagal pri morebitnih izzivih in vpra\u0161anjih.<\/p>\n<p style=\"text-align: center;\">Redno oziroma dnevno spremljanje va\u0161ega napredka, analiza rezultatov in individualizirana povratna informacija za optimizacijo treninga.<\/p>\n<p style=\"text-align: center;\">Prilagoditev programa na podlagi va\u0161ega napredka in spreminjajo\u010dih se potreb za dosego optimalnih rezultatov.<\/p>\n<p style=\"text-align: center;\">Podrobna analiza va\u0161ega trenutnega stanja telesne pripravljenosti in gibljivosti za celovito sliko in individualiziran pristop.<\/p>\n<p>&nbsp;<\/p>\n<p style=\"text-align: center;\" data-sourcepos=\"22:1-22:39\"><strong>Prednosti programa Gibalni virtuoz:<\/strong><\/p>\n<p style=\"text-align: center;\">Dose\u017eete vrhunske \u0161portne rezultate in izbolj\u0161ate svojo telesno pripravljenost na najvi\u0161ji ravni.<\/p>\n<p style=\"text-align: center;\">Trenirate varno in u\u010dinkovito pod vodstvom izku\u0161enih strokovnjakov.<\/p>\n<p style=\"text-align: center;\">Pove\u010date motivacijo in vztrajnost za doseganje ciljev.<\/p>\n<p style=\"text-align: center;\">Izbolj\u0161ate koordinacijo, gibljivost, mo\u010d in vzdr\u017eljivost.<\/p>\n<p style=\"text-align: center;\">Zmanj\u0161ate tveganje za po\u0161kodbe.<\/p>\n<p style=\"text-align: center;\">Dose\u017eete vrhunsko fizi\u010dno formo in samozavest.<\/p>\n<p>&nbsp;<\/p>\n<p style=\"text-align: center;\"><strong>Kaj vsebuje program Gibalni virtuoz:<\/strong><\/p>\n<p style=\"text-align: center;\"><strong>30-dnevni individualni na\u010drt treninga<\/strong><\/p>\n<p style=\"text-align: center;\"><strong>Podrobna analiza<\/strong> trenutnega stanja telesne pripravljenosti<\/p>\n<p style=\"text-align: center;\"><strong>Video vaje<\/strong> s prikazom pravilne izvedbe<\/p>\n<p style=\"text-align: center;\"><strong>Redna strokovna podpora<\/strong> in monitorstvo<\/p>\n<p style=\"text-align: center;\"><strong>Podrobna analiza napredka<\/strong><\/p>\n<p style=\"text-align: center;\"><strong>Tedenski pregledi stanja<\/strong> in prilagoditve na\u010drta<\/p>\n<p style=\"text-align: center;\">Dostop do izobra\u017eevalnih gradiv<\/p>\n<p style=\"text-align: center;\"><strong>Trajanje: 30 dni<\/strong><\/p>\n<p>&nbsp;<\/p>\n<p style=\"text-align: center;\" data-sourcepos=\"43:1-43:97\"><strong>Vpi\u0161ite se v program Gibalni virtuoz danes in za\u010dnite pisati zgodbo o svojem \u0161portnem uspehu!<\/strong><\/p>\n<p style=\"text-align: center;\">","protected":false},"excerpt":{"rendered":"<p><strong>KAJ DOBIM?<\/strong><\/p>\n<p>\u2714Sestava vadbe za izku\u0161ene<\/p>\n<p>Ste izku\u0161en \u0161portnik ali tekmovalec, ki si prizadeva dose\u010di vrhunske rezultate? Potem je program <strong>Gibalni virtuoz<\/strong> pravi za vas! Ta individualno zasnovan program vam bo pomagal izbolj\u0161ati telesno pripravljenost na najvi\u0161ji ravni in dose\u010di zastavljene cilje.<\/p>\n<p>&nbsp;<\/p>\n<p><strong>Paket vsebuje:<\/strong><br \/>\n\u25cf Individualni na\u010drt treninga<br \/>\n\u25cf Video vaje s prikazom pravilne izvedbe<br \/>\n\u25cf Strokovna podpora<br \/>\n\u25cf Podrobna analiza napredka<br \/>\n\u25cf Tedenski pregled stanja in sprememba na\u010drta<br \/>\n\u25cf Svetovanje in podpora na dnevni bazi<br \/>\n\u25cf Analiza stanja<\/p>","protected":false},"featured_media":6103,"comment_status":"open","ping_status":"closed","template":"","meta":[],"product_brand":[],"product_cat":[78],"product_tag":[],"class_list":{"0":"post-6068","1":"product","2":"type-product","3":"status-publish","4":"has-post-thumbnail","6":"product_cat-nekategorizirano","8":"first","9":"instock","10":"taxable","11":"shipping-taxable","12":"purchasable","13":"product-type-simple"},"yoast_head":"<!-- This site is optimized with the Yoast SEO plugin v25.0 - https:\/\/yoast.com\/wordpress\/plugins\/seo\/ -->\n<title>GIBALNI VIRTUOZ - Zan Petek<\/title>\n<meta name=\"robots\" content=\"index, follow, max-snippet:-1, max-image-preview:large, max-video-preview:-1\" \/>\n<link rel=\"canonical\" href=\"https:\/\/zanpetek.si\/en\/product\/gibalni-virtuoz\/\" \/>\n<meta property=\"og:locale\" content=\"en_US\" \/>\n<meta property=\"og:type\" content=\"article\" \/>\n<meta property=\"og:title\" content=\"GIBALNI VIRTUOZ - Zan Petek\" \/>\n<meta property=\"og:description\" content=\"KAJ DOBIM?  \u2714Sestava vadbe za izku\u0161ene  Ste izku\u0161en \u0161portnik ali tekmovalec, ki si prizadeva dose\u010di vrhunske rezultate? Potem je program Gibalni virtuoz pravi za vas! Ta individualno zasnovan program vam bo pomagal izbolj\u0161ati telesno pripravljenost na najvi\u0161ji ravni in dose\u010di zastavljene cilje.  &nbsp;  Paket vsebuje: \u25cf Individualni na\u010drt treninga \u25cf Video vaje s prikazom pravilne izvedbe \u25cf Strokovna podpora \u25cf Podrobna analiza napredka \u25cf Tedenski pregled stanja in sprememba na\u010drta \u25cf Svetovanje in podpora na dnevni bazi \u25cf Analiza stanja\" \/>\n<meta property=\"og:url\" content=\"https:\/\/zanpetek.si\/en\/product\/gibalni-virtuoz\/\" \/>\n<meta property=\"og:site_name\" content=\"Zan Petek\" \/>\n<meta property=\"article:modified_time\" content=\"2025-05-29T09:37:00+00:00\" \/>\n<meta property=\"og:image\" content=\"https:\/\/zanpetek.si\/wp-content\/uploads\/2024\/06\/8.png\" \/>\n\t<meta property=\"og:image:width\" content=\"1080\" \/>\n\t<meta property=\"og:image:height\" content=\"1080\" \/>\n\t<meta property=\"og:image:type\" content=\"image\/png\" \/>\n<meta name=\"twitter:card\" content=\"summary_large_image\" \/>\n<meta name=\"twitter:label1\" content=\"Est. reading time\" \/>\n\t<meta name=\"twitter:data1\" content=\"2 minutes\" \/>\n<script type=\"application\/ld+json\" class=\"yoast-schema-graph\">{\"@context\":\"https:\/\/schema.org\",\"@graph\":[{\"@type\":\"WebPage\",\"@id\":\"https:\/\/zanpetek.si\/izdelek\/gibalni-virtuoz\/\",\"url\":\"https:\/\/zanpetek.si\/izdelek\/gibalni-virtuoz\/\",\"name\":\"GIBALNI VIRTUOZ - Zan Petek\",\"isPartOf\":{\"@id\":\"https:\/\/zanpetek.si\/#website\"},\"primaryImageOfPage\":{\"@id\":\"https:\/\/zanpetek.si\/izdelek\/gibalni-virtuoz\/#primaryimage\"},\"image\":{\"@id\":\"https:\/\/zanpetek.si\/izdelek\/gibalni-virtuoz\/#primaryimage\"},\"thumbnailUrl\":\"https:\/\/zanpetek.si\/wp-content\/uploads\/2024\/06\/8.png\",\"datePublished\":\"2024-06-12T10:20:27+00:00\",\"dateModified\":\"2025-05-29T09:37:00+00:00\",\"breadcrumb\":{\"@id\":\"https:\/\/zanpetek.si\/izdelek\/gibalni-virtuoz\/#breadcrumb\"},\"inLanguage\":\"en-US\",\"potentialAction\":[{\"@type\":\"ReadAction\",\"target\":[\"https:\/\/zanpetek.si\/izdelek\/gibalni-virtuoz\/\"]}]},{\"@type\":\"ImageObject\",\"inLanguage\":\"en-US\",\"@id\":\"https:\/\/zanpetek.si\/izdelek\/gibalni-virtuoz\/#primaryimage\",\"url\":\"https:\/\/zanpetek.si\/wp-content\/uploads\/2024\/06\/8.png\",\"contentUrl\":\"https:\/\/zanpetek.si\/wp-content\/uploads\/2024\/06\/8.png\",\"width\":1080,\"height\":1080},{\"@type\":\"BreadcrumbList\",\"@id\":\"https:\/\/zanpetek.si\/izdelek\/gibalni-virtuoz\/#breadcrumb\",\"itemListElement\":[{\"@type\":\"ListItem\",\"position\":1,\"name\":\"Home\",\"item\":\"https:\/\/zanpetek.si\/\"},{\"@type\":\"ListItem\",\"position\":2,\"name\":\"Trgovina\",\"item\":\"https:\/\/zanpetek.si\/trgovina\/\"},{\"@type\":\"ListItem\",\"position\":3,\"name\":\"GIBALNI VIRTUOZ\"}]},{\"@type\":\"WebSite\",\"@id\":\"https:\/\/zanpetek.si\/#website\",\"url\":\"https:\/\/zanpetek.si\/\",\"name\":\"Zan Petek\",\"description\":\"zanpetek.si\",\"potentialAction\":[{\"@type\":\"SearchAction\",\"target\":{\"@type\":\"EntryPoint\",\"urlTemplate\":\"https:\/\/zanpetek.si\/?s={search_term_string}\"},\"query-input\":{\"@type\":\"PropertyValueSpecification\",\"valueRequired\":true,\"valueName\":\"search_term_string\"}}],\"inLanguage\":\"en-US\"}]}<\/script>\n<!-- \/ Yoast SEO plugin. -->","yoast_head_json":{"title":"GIBALNI VIRTUOZ - Zan Petek","robots":{"index":"index","follow":"follow","max-snippet":"max-snippet:-1","max-image-preview":"max-image-preview:large","max-video-preview":"max-video-preview:-1"},"canonical":"https:\/\/zanpetek.si\/en\/product\/gibalni-virtuoz\/","og_locale":"en_US","og_type":"article","og_title":"GIBALNI VIRTUOZ - Zan Petek","og_description":"KAJ DOBIM?  \u2714Sestava vadbe za izku\u0161ene  Ste izku\u0161en \u0161portnik ali tekmovalec, ki si prizadeva dose\u010di vrhunske rezultate? Potem je program Gibalni virtuoz pravi za vas! Ta individualno zasnovan program vam bo pomagal izbolj\u0161ati telesno pripravljenost na najvi\u0161ji ravni in dose\u010di zastavljene cilje.  &nbsp;  Paket vsebuje: \u25cf Individualni na\u010drt treninga \u25cf Video vaje s prikazom pravilne izvedbe \u25cf Strokovna podpora \u25cf Podrobna analiza napredka \u25cf Tedenski pregled stanja in sprememba na\u010drta \u25cf Svetovanje in podpora na dnevni bazi \u25cf Analiza stanja","og_url":"https:\/\/zanpetek.si\/en\/product\/gibalni-virtuoz\/","og_site_name":"Zan Petek","article_modified_time":"2025-05-29T09:37:00+00:00","og_image":[{"width":1080,"height":1080,"url":"https:\/\/zanpetek.si\/wp-content\/uploads\/2024\/06\/8.png","type":"image\/png"}],"twitter_card":"summary_large_image","twitter_misc":{"Est. reading time":"2 minutes"},"schema":{"@context":"https:\/\/schema.org","@graph":[{"@type":"WebPage","@id":"https:\/\/zanpetek.si\/izdelek\/gibalni-virtuoz\/","url":"https:\/\/zanpetek.si\/izdelek\/gibalni-virtuoz\/","name":"GIBALNI VIRTUOZ - Zan Petek","isPartOf":{"@id":"https:\/\/zanpetek.si\/#website"},"primaryImageOfPage":{"@id":"https:\/\/zanpetek.si\/izdelek\/gibalni-virtuoz\/#primaryimage"},"image":{"@id":"https:\/\/zanpetek.si\/izdelek\/gibalni-virtuoz\/#primaryimage"},"thumbnailUrl":"https:\/\/zanpetek.si\/wp-content\/uploads\/2024\/06\/8.png","datePublished":"2024-06-12T10:20:27+00:00","dateModified":"2025-05-29T09:37:00+00:00","breadcrumb":{"@id":"https:\/\/zanpetek.si\/izdelek\/gibalni-virtuoz\/#breadcrumb"},"inLanguage":"en-US","potentialAction":[{"@type":"ReadAction","target":["https:\/\/zanpetek.si\/izdelek\/gibalni-virtuoz\/"]}]},{"@type":"ImageObject","inLanguage":"en-US","@id":"https:\/\/zanpetek.si\/izdelek\/gibalni-virtuoz\/#primaryimage","url":"https:\/\/zanpetek.si\/wp-content\/uploads\/2024\/06\/8.png","contentUrl":"https:\/\/zanpetek.si\/wp-content\/uploads\/2024\/06\/8.png","width":1080,"height":1080},{"@type":"BreadcrumbList","@id":"https:\/\/zanpetek.si\/izdelek\/gibalni-virtuoz\/#breadcrumb","itemListElement":[{"@type":"ListItem","position":1,"name":"Home","item":"https:\/\/zanpetek.si\/"},{"@type":"ListItem","position":2,"name":"Trgovina","item":"https:\/\/zanpetek.si\/trgovina\/"},{"@type":"ListItem","position":3,"name":"GIBALNI VIRTUOZ"}]},{"@type":"WebSite","@id":"https:\/\/zanpetek.si\/#website","url":"https:\/\/zanpetek.si\/","name":"Zan Petek","description":"zanpetek.si","potentialAction":[{"@type":"SearchAction","target":{"@type":"EntryPoint","urlTemplate":"https:\/\/zanpetek.si\/?s={search_term_string}"},"query-input":{"@type":"PropertyValueSpecification","valueRequired":true,"valueName":"search_term_string"}}],"inLanguage":"en-US"}]}},"_links":{"self":[{"href":"https:\/\/zanpetek.si\/en\/wp-json\/wp\/v2\/product\/6068","targetHints":{"allow":["GET"]}}],"collection":[{"href":"https:\/\/zanpetek.si\/en\/wp-json\/wp\/v2\/product"}],"about":[{"href":"https:\/\/zanpetek.si\/en\/wp-json\/wp\/v2\/types\/product"}],"replies":[{"embeddable":true,"href":"https:\/\/zanpetek.si\/en\/wp-json\/wp\/v2\/comments?post=6068"}],"wp:featuredmedia":[{"embeddable":true,"href":"https:\/\/zanpetek.si\/en\/wp-json\/wp\/v2\/media\/6103"}],"wp:attachment":[{"href":"https:\/\/zanpetek.si\/en\/wp-json\/wp\/v2\/media?parent=6068"}],"wp:term":[{"taxonomy":"product_brand","embeddable":true,"href":"https:\/\/zanpetek.si\/en\/wp-json\/wp\/v2\/product_brand?post=6068"},{"taxonomy":"product_cat","embeddable":true,"href":"https:\/\/zanpetek.si\/en\/wp-json\/wp\/v2\/product_cat?post=6068"},{"taxonomy":"product_tag","embeddable":true,"href":"https:\/\/zanpetek.si\/en\/wp-json\/wp\/v2\/product_tag?post=6068"}],"curies":[{"name":"wp","href":"https:\/\/api.w.org\/{rel}","templated":true}]}}