{"id":6066,"date":"2024-06-12T10:18:44","date_gmt":"2024-06-12T10:18:44","guid":{"rendered":"https:\/\/zanpetek.si\/?post_type=product&#038;p=6066"},"modified":"2025-01-24T12:11:25","modified_gmt":"2025-01-24T12:11:25","slug":"nutri-profi","status":"publish","type":"product","link":"https:\/\/zanpetek.si\/en\/product\/nutri-profi\/","title":{"rendered":"NUTRI-PROFI"},"content":{"rendered":"<p style=\"text-align: center;\"><strong>KAJ VSEBUJE:<\/strong><\/p>\n<p style=\"text-align: center;\"><strong>\u2714<\/strong>Sestava jedilnika za izku\u0161ene<\/p>\n<p>&nbsp;<\/p>\n<p style=\"text-align: center;\"><strong>Nutri-Profi je namenjen:<\/strong><\/p>\n<p style=\"text-align: center;\">Izku\u0161enim posameznikom, ki \u017eelijo poglobiti svoje znanje o prehrani in optimizirati prehranske navade.<br \/>\nVsem, ki se zavedajo, da je kakovostna prehrana klju\u010dni dejavnik za doseganje ciljev.<br \/>\n\u0160portnikom, ki \u017eelijo izbolj\u0161ati svojo telesno pripravljenost in dose\u010di vrhunske rezultate.<br \/>\nVsakomur, ki si \u017eeli izbolj\u0161ati svoje splo\u0161no po\u010dutje in zdravje.<\/p>\n<p style=\"text-align: center;\">\n<strong>Kaj vam prina\u0161a Nutri-Profi:<\/strong><\/p>\n<p style=\"text-align: center;\">Individualni prehranski na\u010drt, ki je sestavljen po meri za vas, upo\u0161tevajo\u010d va\u0161e cilje, \u017eelje, prehranske omejitve (npr. brezglutenska, veganska prehrana, alergije) in trenutno prehransko stanje.<br \/>\nRazvoj celovite prehranske strategije, ki bo podpirala va\u0161e cilje in vam omogo\u010dila doseganje \u017eelenih rezultatov.<br \/>\nSpoznavanje najnovej\u0161ih znanstvenih dognanj o prehrani in naprednih prehranskih konceptih za optimizacijo va\u0161ega prehranjevanja.<br \/>\nNatan\u010dno na\u010drtovanje vnosa makro (beljakovin, ogljikovih hidratov in ma\u0161\u010dob) in mikrohranil (vitaminov in mineralov) za dosego optimalnega ravnovesja v telesu.<br \/>\nRedno spremljanje va\u0161ega napredka, analiza rezultatov in prilagoditev prehranskega na\u010drta po potrebi.<br \/>\nSvetovanje in podpora na dnevni bazi, na voljo sem vam za vsa vpra\u0161anja, podporo in motivacijo na va\u0161i poti do cilja.<br \/>\nPodrobna analiza va\u0161ega trenutnega prehranskega stanja in telesne sestave za celovito sliko in individualiziran pristop.<\/p>\n<p style=\"text-align: center;\">\n<strong>Prednosti programa Nutri-Profi:<\/strong><\/p>\n<p style=\"text-align: center;\">Dose\u017eete zastavljene cilje, ne glede na to, ali gre za izgubo ma\u0161\u010dob, izbolj\u0161anje telesne pripravljenosti ali ohranjanje zdravega \u017eivljenjskega sloga.<br \/>\nOptimizirate prehrano in jo dvignete na vi\u0161ji nivo znanja in razumevanja.<br \/>\nIzbolj\u0161ate svoje splo\u0161no po\u010dutje, raven energije in zdravje.<br \/>\nPridobite znanje in ve\u0161\u010dine za dolgoro\u010dno vzdr\u017eevanje zdravih prehranskih navad.<br \/>\nDose\u017eete trajne rezultate z individualno zasnovanim programom in strokovno podporo.<br \/>\nNe zamudite te edinstvene prilo\u017enosti, da dvignete svojo prehrano na vi\u0161ji nivo!<\/p>\n<p>&nbsp;<\/p>\n<p style=\"text-align: center;\"><strong>Kaj vsebuje program Nutri-Profi:<\/strong><\/p>\n<p style=\"text-align: center;\"><strong>30-dnevni individualni prehranski na\u010drt<\/strong><br \/>\n<strong>Optimizirana<\/strong> prehranska strategija<br \/>\n<strong>Podrobna analiza<\/strong> prehranskega vnosa<br \/>\n<strong>Napredni prehranski koncepti<\/strong> in smernice<br \/>\n<strong>Redna evalvacija <\/strong>ter\u00a0prilagoditve<br \/>\n<strong>Dnevna strokovna podpora<\/strong> in svetovanje<br \/>\n<strong>Dostop<\/strong> do izobra\u017eevalnih gradiv<\/p>\n<p>&nbsp;<\/p>\n<p style=\"text-align: center;\"><strong>Trajanje<\/strong>: 30 dni<\/p>\n<p>&nbsp;<\/p>\n<p style=\"text-align: center;\">Vpi\u0161ite se v program Nutri-Profi danes in za\u010dnite pisati zgodbo o svojem prehranskem uspehu!<\/p>\n<p style=\"text-align: center;\">\n<p style=\"text-align: center;\">","protected":false},"excerpt":{"rendered":"<p><strong>KAJ DOBIM?<\/strong><\/p>\n<p>\u2714Sestava jedilnika za izku\u0161ene<\/p>\n<p>Ste izku\u0161en posameznik, ki \u017ee obvladate osnove prehrane in si \u017eelite dvigniti svojo prehransko strategijo na vi\u0161ji nivo? Potem je program <strong>Nutri-Profi<\/strong> pravi za vas! Ta napredni program vam bo pomagal optimizirati prehrano za dosego va\u0161ih ciljev, ne glede na to, ali gre za izbolj\u0161anje telesne pripravljenosti, izgubo ma\u0161\u010dob ali ohranjanje zdravega \u017eivljenjskega sloga.<\/p>\n<p>&nbsp;<\/p>\n<p><strong>Kaj vklju\u010duje:<\/strong><br \/>\n\u25cf Individualni prehranski na\u010drt<br \/>\n\u25cf Optimalna prehranska strategija<br \/>\n\u25cf Napredni prehranski koncepti<br \/>\n\u25cf Nadzorovan vnos makro in mikrohranil<br \/>\n\u25cf Redna evalvacija in prilagoditve<br \/>\n\u25cf Svetovanje in podpora na dnevni bazi<br \/>\n\u25cf Analiza stanja<\/p>\n<p>&nbsp;<\/p>","protected":false},"featured_media":6105,"comment_status":"open","ping_status":"closed","template":"","meta":[],"product_brand":[],"product_cat":[78],"product_tag":[],"class_list":{"0":"post-6066","1":"product","2":"type-product","3":"status-publish","4":"has-post-thumbnail","6":"product_cat-nekategorizirano","8":"first","9":"instock","10":"taxable","11":"shipping-taxable","12":"purchasable","13":"product-type-simple"},"yoast_head":"<!-- This site is optimized with the Yoast SEO plugin v25.0 - https:\/\/yoast.com\/wordpress\/plugins\/seo\/ -->\n<title>NUTRI-PROFI - Zan Petek<\/title>\n<meta name=\"robots\" content=\"index, follow, max-snippet:-1, max-image-preview:large, max-video-preview:-1\" \/>\n<link rel=\"canonical\" href=\"https:\/\/zanpetek.si\/en\/product\/nutri-profi\/\" \/>\n<meta property=\"og:locale\" content=\"en_US\" \/>\n<meta property=\"og:type\" content=\"article\" \/>\n<meta property=\"og:title\" content=\"NUTRI-PROFI - Zan Petek\" \/>\n<meta property=\"og:description\" content=\"KAJ DOBIM?  \u2714Sestava jedilnika za izku\u0161ene  Ste izku\u0161en posameznik, ki \u017ee obvladate osnove prehrane in si \u017eelite dvigniti svojo prehransko strategijo na vi\u0161ji nivo? Potem je program Nutri-Profi pravi za vas! Ta napredni program vam bo pomagal optimizirati prehrano za dosego va\u0161ih ciljev, ne glede na to, ali gre za izbolj\u0161anje telesne pripravljenosti, izgubo ma\u0161\u010dob ali ohranjanje zdravega \u017eivljenjskega sloga.  &nbsp;  Kaj vklju\u010duje: \u25cf Individualni prehranski na\u010drt \u25cf Optimalna prehranska strategija \u25cf Napredni prehranski koncepti \u25cf Nadzorovan vnos makro in mikrohranil \u25cf Redna evalvacija in prilagoditve \u25cf Svetovanje in podpora na dnevni bazi \u25cf Analiza stanja  &nbsp;\" \/>\n<meta property=\"og:url\" content=\"https:\/\/zanpetek.si\/en\/product\/nutri-profi\/\" \/>\n<meta property=\"og:site_name\" content=\"Zan Petek\" \/>\n<meta property=\"article:modified_time\" content=\"2025-01-24T12:11:25+00:00\" \/>\n<meta property=\"og:image\" content=\"https:\/\/zanpetek.si\/wp-content\/uploads\/2024\/06\/7.png\" \/>\n\t<meta property=\"og:image:width\" content=\"1080\" \/>\n\t<meta property=\"og:image:height\" content=\"1080\" \/>\n\t<meta property=\"og:image:type\" content=\"image\/png\" \/>\n<meta name=\"twitter:card\" content=\"summary_large_image\" \/>\n<meta name=\"twitter:label1\" content=\"Est. reading time\" \/>\n\t<meta name=\"twitter:data1\" content=\"2 minutes\" \/>\n<script type=\"application\/ld+json\" class=\"yoast-schema-graph\">{\"@context\":\"https:\/\/schema.org\",\"@graph\":[{\"@type\":\"WebPage\",\"@id\":\"https:\/\/zanpetek.si\/izdelek\/nutri-profi\/\",\"url\":\"https:\/\/zanpetek.si\/izdelek\/nutri-profi\/\",\"name\":\"NUTRI-PROFI - Zan Petek\",\"isPartOf\":{\"@id\":\"https:\/\/zanpetek.si\/#website\"},\"primaryImageOfPage\":{\"@id\":\"https:\/\/zanpetek.si\/izdelek\/nutri-profi\/#primaryimage\"},\"image\":{\"@id\":\"https:\/\/zanpetek.si\/izdelek\/nutri-profi\/#primaryimage\"},\"thumbnailUrl\":\"https:\/\/zanpetek.si\/wp-content\/uploads\/2024\/06\/7.png\",\"datePublished\":\"2024-06-12T10:18:44+00:00\",\"dateModified\":\"2025-01-24T12:11:25+00:00\",\"breadcrumb\":{\"@id\":\"https:\/\/zanpetek.si\/izdelek\/nutri-profi\/#breadcrumb\"},\"inLanguage\":\"en-US\",\"potentialAction\":[{\"@type\":\"ReadAction\",\"target\":[\"https:\/\/zanpetek.si\/izdelek\/nutri-profi\/\"]}]},{\"@type\":\"ImageObject\",\"inLanguage\":\"en-US\",\"@id\":\"https:\/\/zanpetek.si\/izdelek\/nutri-profi\/#primaryimage\",\"url\":\"https:\/\/zanpetek.si\/wp-content\/uploads\/2024\/06\/7.png\",\"contentUrl\":\"https:\/\/zanpetek.si\/wp-content\/uploads\/2024\/06\/7.png\",\"width\":1080,\"height\":1080},{\"@type\":\"BreadcrumbList\",\"@id\":\"https:\/\/zanpetek.si\/izdelek\/nutri-profi\/#breadcrumb\",\"itemListElement\":[{\"@type\":\"ListItem\",\"position\":1,\"name\":\"Home\",\"item\":\"https:\/\/zanpetek.si\/\"},{\"@type\":\"ListItem\",\"position\":2,\"name\":\"Trgovina\",\"item\":\"https:\/\/zanpetek.si\/trgovina\/\"},{\"@type\":\"ListItem\",\"position\":3,\"name\":\"NUTRI-PROFI\"}]},{\"@type\":\"WebSite\",\"@id\":\"https:\/\/zanpetek.si\/#website\",\"url\":\"https:\/\/zanpetek.si\/\",\"name\":\"Zan Petek\",\"description\":\"zanpetek.si\",\"potentialAction\":[{\"@type\":\"SearchAction\",\"target\":{\"@type\":\"EntryPoint\",\"urlTemplate\":\"https:\/\/zanpetek.si\/?s={search_term_string}\"},\"query-input\":{\"@type\":\"PropertyValueSpecification\",\"valueRequired\":true,\"valueName\":\"search_term_string\"}}],\"inLanguage\":\"en-US\"}]}<\/script>\n<!-- \/ Yoast SEO plugin. -->","yoast_head_json":{"title":"NUTRI-PROFI - Zan Petek","robots":{"index":"index","follow":"follow","max-snippet":"max-snippet:-1","max-image-preview":"max-image-preview:large","max-video-preview":"max-video-preview:-1"},"canonical":"https:\/\/zanpetek.si\/en\/product\/nutri-profi\/","og_locale":"en_US","og_type":"article","og_title":"NUTRI-PROFI - Zan Petek","og_description":"KAJ DOBIM?  \u2714Sestava jedilnika za izku\u0161ene  Ste izku\u0161en posameznik, ki \u017ee obvladate osnove prehrane in si \u017eelite dvigniti svojo prehransko strategijo na vi\u0161ji nivo? Potem je program Nutri-Profi pravi za vas! Ta napredni program vam bo pomagal optimizirati prehrano za dosego va\u0161ih ciljev, ne glede na to, ali gre za izbolj\u0161anje telesne pripravljenosti, izgubo ma\u0161\u010dob ali ohranjanje zdravega \u017eivljenjskega sloga.  &nbsp;  Kaj vklju\u010duje: \u25cf Individualni prehranski na\u010drt \u25cf Optimalna prehranska strategija \u25cf Napredni prehranski koncepti \u25cf Nadzorovan vnos makro in mikrohranil \u25cf Redna evalvacija in prilagoditve \u25cf Svetovanje in podpora na dnevni bazi \u25cf Analiza stanja  &nbsp;","og_url":"https:\/\/zanpetek.si\/en\/product\/nutri-profi\/","og_site_name":"Zan Petek","article_modified_time":"2025-01-24T12:11:25+00:00","og_image":[{"width":1080,"height":1080,"url":"https:\/\/zanpetek.si\/wp-content\/uploads\/2024\/06\/7.png","type":"image\/png"}],"twitter_card":"summary_large_image","twitter_misc":{"Est. reading time":"2 minutes"},"schema":{"@context":"https:\/\/schema.org","@graph":[{"@type":"WebPage","@id":"https:\/\/zanpetek.si\/izdelek\/nutri-profi\/","url":"https:\/\/zanpetek.si\/izdelek\/nutri-profi\/","name":"NUTRI-PROFI - Zan Petek","isPartOf":{"@id":"https:\/\/zanpetek.si\/#website"},"primaryImageOfPage":{"@id":"https:\/\/zanpetek.si\/izdelek\/nutri-profi\/#primaryimage"},"image":{"@id":"https:\/\/zanpetek.si\/izdelek\/nutri-profi\/#primaryimage"},"thumbnailUrl":"https:\/\/zanpetek.si\/wp-content\/uploads\/2024\/06\/7.png","datePublished":"2024-06-12T10:18:44+00:00","dateModified":"2025-01-24T12:11:25+00:00","breadcrumb":{"@id":"https:\/\/zanpetek.si\/izdelek\/nutri-profi\/#breadcrumb"},"inLanguage":"en-US","potentialAction":[{"@type":"ReadAction","target":["https:\/\/zanpetek.si\/izdelek\/nutri-profi\/"]}]},{"@type":"ImageObject","inLanguage":"en-US","@id":"https:\/\/zanpetek.si\/izdelek\/nutri-profi\/#primaryimage","url":"https:\/\/zanpetek.si\/wp-content\/uploads\/2024\/06\/7.png","contentUrl":"https:\/\/zanpetek.si\/wp-content\/uploads\/2024\/06\/7.png","width":1080,"height":1080},{"@type":"BreadcrumbList","@id":"https:\/\/zanpetek.si\/izdelek\/nutri-profi\/#breadcrumb","itemListElement":[{"@type":"ListItem","position":1,"name":"Home","item":"https:\/\/zanpetek.si\/"},{"@type":"ListItem","position":2,"name":"Trgovina","item":"https:\/\/zanpetek.si\/trgovina\/"},{"@type":"ListItem","position":3,"name":"NUTRI-PROFI"}]},{"@type":"WebSite","@id":"https:\/\/zanpetek.si\/#website","url":"https:\/\/zanpetek.si\/","name":"Zan Petek","description":"zanpetek.si","potentialAction":[{"@type":"SearchAction","target":{"@type":"EntryPoint","urlTemplate":"https:\/\/zanpetek.si\/?s={search_term_string}"},"query-input":{"@type":"PropertyValueSpecification","valueRequired":true,"valueName":"search_term_string"}}],"inLanguage":"en-US"}]}},"_links":{"self":[{"href":"https:\/\/zanpetek.si\/en\/wp-json\/wp\/v2\/product\/6066","targetHints":{"allow":["GET"]}}],"collection":[{"href":"https:\/\/zanpetek.si\/en\/wp-json\/wp\/v2\/product"}],"about":[{"href":"https:\/\/zanpetek.si\/en\/wp-json\/wp\/v2\/types\/product"}],"replies":[{"embeddable":true,"href":"https:\/\/zanpetek.si\/en\/wp-json\/wp\/v2\/comments?post=6066"}],"wp:featuredmedia":[{"embeddable":true,"href":"https:\/\/zanpetek.si\/en\/wp-json\/wp\/v2\/media\/6105"}],"wp:attachment":[{"href":"https:\/\/zanpetek.si\/en\/wp-json\/wp\/v2\/media?parent=6066"}],"wp:term":[{"taxonomy":"product_brand","embeddable":true,"href":"https:\/\/zanpetek.si\/en\/wp-json\/wp\/v2\/product_brand?post=6066"},{"taxonomy":"product_cat","embeddable":true,"href":"https:\/\/zanpetek.si\/en\/wp-json\/wp\/v2\/product_cat?post=6066"},{"taxonomy":"product_tag","embeddable":true,"href":"https:\/\/zanpetek.si\/en\/wp-json\/wp\/v2\/product_tag?post=6066"}],"curies":[{"name":"wp","href":"https:\/\/api.w.org\/{rel}","templated":true}]}}