{"id":5565,"date":"2023-11-06T16:12:13","date_gmt":"2023-11-06T16:12:13","guid":{"rendered":"https:\/\/zanpetek.si\/?post_type=product&#038;p=5565"},"modified":"2025-05-29T09:37:01","modified_gmt":"2025-05-29T09:37:01","slug":"sportni-pogon","status":"publish","type":"product","link":"https:\/\/zanpetek.si\/en\/product\/sportni-pogon\/","title":{"rendered":"\u0160PORTNI POGON"},"content":{"rendered":"<p style=\"text-align: center;\"><strong>KAJ VKLJU\u010cUJE?<\/strong><\/p>\n<p style=\"text-align: center;\"><strong>\u2714<\/strong>Sestava vadbe za rekreativce<\/p>\n<p style=\"text-align: center;\">\n<p style=\"text-align: center;\"><strong>Kaj vam prina\u0161a \u0160portni pogon?<\/strong><\/p>\n<p style=\"text-align: center;\">Individualen na\u010drt vadbe, sestavljen po meri za vas, upo\u0161tevajo\u010d va\u0161e izku\u0161nje, telesno pripravljenost, cilje in \u017eelje.<br \/>\nRazli\u010dne vadbene enote, ki bodo poskrbele za celovito vadbo va\u0161ega telesa in izbolj\u0161ale va\u0161o mo\u010d, vzdr\u017eljivost, koordinacijo in gibljivost.<br \/>\nPodrobna navodila in video demonstracije vaj z jasnimi nasveti za pravilno izvedbo in prepre\u010devanje po\u0161kodb.<br \/>\nTedenski pregledi stanja in motivacija za doseganje ciljev.<br \/>\nDostop do mene, certificiranega strokovnjaka za vadbo, ki vam bom z veseljem pomagal pri morebitnih izzivih in vpra\u0161anjih.<\/p>\n<p style=\"text-align: center;\">\n<strong>Zakaj izbrati \u0160portni pogon?<\/strong><\/p>\n<p style=\"text-align: center;\">Dose\u017eite vrhunsko telesno pripravljenost in izbolj\u0161ajte svoje rekreativne rezultate.<br \/>\nVadba na varen in u\u010dinkovit na\u010din pod vodstvom izku\u0161enih strokovnjakov.<br \/>\nPrilagojen program, ki ustreza va\u0161im individualnim potrebam in ciljem.<br \/>\nPove\u010dana motivacija in vztrajnost za doseganje zastavljenih ciljev.<br \/>\nIzbolj\u0161ano po\u010dutje, samozavest in raven energije.<\/p>\n<p style=\"text-align: center;\">\n<strong>Program \u0160portni pogon je primeren za:<\/strong><\/p>\n<p style=\"text-align: center;\">Rekreativne \u0161portnike, ki \u017eelijo izbolj\u0161ati svojo telesno pripravljenost in dose\u010di vrhunske rezultate.<br \/>\nVse, ki si \u017eelijo aktivnega in zdravega \u017eivljenjskega sloga.<br \/>\nVsakogar, ki i\u0161\u010de motivacijo in strokovno podporo za doseganje svojih fitnes ciljev.<br \/>\nNe zamudite te edinstvene prilo\u017enosti! Vpi\u0161ite se v program \u0160portni pogon \u017ee danes in naredite prvi korak k bolj zdravemu, aktivnemu in \u0161portno uspe\u0161nemu \u017eivljenju!<\/p>\n<p>&nbsp;<\/p>\n<p style=\"text-align: center;\"><strong>Kaj vsebuje program \u0160portni pogon:<\/strong><\/p>\n<p style=\"text-align: center;\"><strong>30-dnevni individualiziran<\/strong> vadbeni program<br \/>\n<strong>Podrobna navodila in video<\/strong> demonstracije vaj<br \/>\n<strong>Tedenski pregledi<\/strong> stanja in motivacija<br \/>\n<strong>Strokovno pomo\u010d<\/strong> pri vadbi<\/p>\n<p style=\"text-align: center;\"><strong>Trajanje<\/strong>: 30 dni<\/p>\n<p>Vpi\u0161ite se v \u0160portni pogon danes in za\u010dnite pisati svojo zgodbo o \u0161portnem uspehu!<\/p>","protected":false},"excerpt":{"rendered":"<p><strong>KAJ DOBIM?<\/strong><\/p>\n<p>\u2714Sestava vadbenega na\u010drta za rekreativce<\/p>\n<p>I\u0161\u010dete celovit program vadbe, ki vam bo pomagal dose\u010di vrhunsko telesno pripravljenost in izbolj\u0161ati va\u0161e rekreativne rezultate? Potem je program \u0160portni pogon prava izbira za vas! Ta edinstven program zdru\u017euje prilagojen vadbeni na\u010drt, strokovno podporo in motivacijo, da vam bo pomagal dose\u010di zastavljene cilje.<\/p>\n<p>&nbsp;<\/p>\n<p><strong>Vklju\u010duje:<\/strong><br \/>\n\u25cf Prilagojen vadbeni na\u010drt<br \/>\n\u25cf Video vaje<br \/>\n\u25cf Tedenski pregled stanja in sprememba na\u010drta<br \/>\n\u25cf Analiza stanja<\/p>","protected":false},"featured_media":6095,"comment_status":"open","ping_status":"closed","template":"","meta":[],"product_brand":[],"product_cat":[78],"product_tag":[],"class_list":{"0":"post-5565","1":"product","2":"type-product","3":"status-publish","4":"has-post-thumbnail","6":"product_cat-nekategorizirano","8":"first","9":"instock","10":"taxable","11":"shipping-taxable","12":"purchasable","13":"product-type-simple"},"yoast_head":"<!-- This site is optimized with the Yoast SEO plugin v25.0 - https:\/\/yoast.com\/wordpress\/plugins\/seo\/ -->\n<title>\u0160PORTNI POGON - Zan Petek<\/title>\n<meta name=\"robots\" content=\"index, follow, max-snippet:-1, max-image-preview:large, max-video-preview:-1\" \/>\n<link rel=\"canonical\" href=\"https:\/\/zanpetek.si\/en\/product\/sportni-pogon\/\" \/>\n<meta property=\"og:locale\" content=\"en_US\" \/>\n<meta property=\"og:type\" content=\"article\" \/>\n<meta property=\"og:title\" content=\"\u0160PORTNI POGON - Zan Petek\" \/>\n<meta property=\"og:description\" content=\"KAJ DOBIM?  \u2714Sestava vadbenega na\u010drta za rekreativce  I\u0161\u010dete celovit program vadbe, ki vam bo pomagal dose\u010di vrhunsko telesno pripravljenost in izbolj\u0161ati va\u0161e rekreativne rezultate? Potem je program \u0160portni pogon prava izbira za vas! Ta edinstven program zdru\u017euje prilagojen vadbeni na\u010drt, strokovno podporo in motivacijo, da vam bo pomagal dose\u010di zastavljene cilje.  &nbsp;  Vklju\u010duje: \u25cf Prilagojen vadbeni na\u010drt \u25cf Video vaje \u25cf Tedenski pregled stanja in sprememba na\u010drta \u25cf Analiza stanja\" \/>\n<meta property=\"og:url\" content=\"https:\/\/zanpetek.si\/en\/product\/sportni-pogon\/\" \/>\n<meta property=\"og:site_name\" content=\"Zan Petek\" \/>\n<meta property=\"article:modified_time\" content=\"2025-05-29T09:37:01+00:00\" \/>\n<meta property=\"og:image\" content=\"https:\/\/zanpetek.si\/wp-content\/uploads\/2023\/10\/5-2.png\" \/>\n\t<meta property=\"og:image:width\" content=\"1080\" \/>\n\t<meta property=\"og:image:height\" content=\"1080\" \/>\n\t<meta property=\"og:image:type\" content=\"image\/png\" \/>\n<meta name=\"twitter:card\" content=\"summary_large_image\" \/>\n<meta name=\"twitter:label1\" content=\"Est. reading time\" \/>\n\t<meta name=\"twitter:data1\" content=\"2 minutes\" \/>\n<script type=\"application\/ld+json\" class=\"yoast-schema-graph\">{\"@context\":\"https:\/\/schema.org\",\"@graph\":[{\"@type\":\"WebPage\",\"@id\":\"https:\/\/zanpetek.si\/izdelek\/sportni-pogon\/\",\"url\":\"https:\/\/zanpetek.si\/izdelek\/sportni-pogon\/\",\"name\":\"\u0160PORTNI POGON - Zan Petek\",\"isPartOf\":{\"@id\":\"https:\/\/zanpetek.si\/#website\"},\"primaryImageOfPage\":{\"@id\":\"https:\/\/zanpetek.si\/izdelek\/sportni-pogon\/#primaryimage\"},\"image\":{\"@id\":\"https:\/\/zanpetek.si\/izdelek\/sportni-pogon\/#primaryimage\"},\"thumbnailUrl\":\"https:\/\/zanpetek.si\/wp-content\/uploads\/2023\/10\/5-2.png\",\"datePublished\":\"2023-11-06T16:12:13+00:00\",\"dateModified\":\"2025-05-29T09:37:01+00:00\",\"breadcrumb\":{\"@id\":\"https:\/\/zanpetek.si\/izdelek\/sportni-pogon\/#breadcrumb\"},\"inLanguage\":\"en-US\",\"potentialAction\":[{\"@type\":\"ReadAction\",\"target\":[\"https:\/\/zanpetek.si\/izdelek\/sportni-pogon\/\"]}]},{\"@type\":\"ImageObject\",\"inLanguage\":\"en-US\",\"@id\":\"https:\/\/zanpetek.si\/izdelek\/sportni-pogon\/#primaryimage\",\"url\":\"https:\/\/zanpetek.si\/wp-content\/uploads\/2023\/10\/5-2.png\",\"contentUrl\":\"https:\/\/zanpetek.si\/wp-content\/uploads\/2023\/10\/5-2.png\",\"width\":1080,\"height\":1080},{\"@type\":\"BreadcrumbList\",\"@id\":\"https:\/\/zanpetek.si\/izdelek\/sportni-pogon\/#breadcrumb\",\"itemListElement\":[{\"@type\":\"ListItem\",\"position\":1,\"name\":\"Home\",\"item\":\"https:\/\/zanpetek.si\/\"},{\"@type\":\"ListItem\",\"position\":2,\"name\":\"Trgovina\",\"item\":\"https:\/\/zanpetek.si\/trgovina\/\"},{\"@type\":\"ListItem\",\"position\":3,\"name\":\"\u0160PORTNI POGON\"}]},{\"@type\":\"WebSite\",\"@id\":\"https:\/\/zanpetek.si\/#website\",\"url\":\"https:\/\/zanpetek.si\/\",\"name\":\"Zan Petek\",\"description\":\"zanpetek.si\",\"potentialAction\":[{\"@type\":\"SearchAction\",\"target\":{\"@type\":\"EntryPoint\",\"urlTemplate\":\"https:\/\/zanpetek.si\/?s={search_term_string}\"},\"query-input\":{\"@type\":\"PropertyValueSpecification\",\"valueRequired\":true,\"valueName\":\"search_term_string\"}}],\"inLanguage\":\"en-US\"}]}<\/script>\n<!-- \/ Yoast SEO plugin. -->","yoast_head_json":{"title":"\u0160PORTNI POGON - Zan Petek","robots":{"index":"index","follow":"follow","max-snippet":"max-snippet:-1","max-image-preview":"max-image-preview:large","max-video-preview":"max-video-preview:-1"},"canonical":"https:\/\/zanpetek.si\/en\/product\/sportni-pogon\/","og_locale":"en_US","og_type":"article","og_title":"\u0160PORTNI POGON - Zan Petek","og_description":"KAJ DOBIM?  \u2714Sestava vadbenega na\u010drta za rekreativce  I\u0161\u010dete celovit program vadbe, ki vam bo pomagal dose\u010di vrhunsko telesno pripravljenost in izbolj\u0161ati va\u0161e rekreativne rezultate? Potem je program \u0160portni pogon prava izbira za vas! Ta edinstven program zdru\u017euje prilagojen vadbeni na\u010drt, strokovno podporo in motivacijo, da vam bo pomagal dose\u010di zastavljene cilje.  &nbsp;  Vklju\u010duje: \u25cf Prilagojen vadbeni na\u010drt \u25cf Video vaje \u25cf Tedenski pregled stanja in sprememba na\u010drta \u25cf Analiza stanja","og_url":"https:\/\/zanpetek.si\/en\/product\/sportni-pogon\/","og_site_name":"Zan Petek","article_modified_time":"2025-05-29T09:37:01+00:00","og_image":[{"width":1080,"height":1080,"url":"https:\/\/zanpetek.si\/wp-content\/uploads\/2023\/10\/5-2.png","type":"image\/png"}],"twitter_card":"summary_large_image","twitter_misc":{"Est. reading time":"2 minutes"},"schema":{"@context":"https:\/\/schema.org","@graph":[{"@type":"WebPage","@id":"https:\/\/zanpetek.si\/izdelek\/sportni-pogon\/","url":"https:\/\/zanpetek.si\/izdelek\/sportni-pogon\/","name":"\u0160PORTNI POGON - Zan Petek","isPartOf":{"@id":"https:\/\/zanpetek.si\/#website"},"primaryImageOfPage":{"@id":"https:\/\/zanpetek.si\/izdelek\/sportni-pogon\/#primaryimage"},"image":{"@id":"https:\/\/zanpetek.si\/izdelek\/sportni-pogon\/#primaryimage"},"thumbnailUrl":"https:\/\/zanpetek.si\/wp-content\/uploads\/2023\/10\/5-2.png","datePublished":"2023-11-06T16:12:13+00:00","dateModified":"2025-05-29T09:37:01+00:00","breadcrumb":{"@id":"https:\/\/zanpetek.si\/izdelek\/sportni-pogon\/#breadcrumb"},"inLanguage":"en-US","potentialAction":[{"@type":"ReadAction","target":["https:\/\/zanpetek.si\/izdelek\/sportni-pogon\/"]}]},{"@type":"ImageObject","inLanguage":"en-US","@id":"https:\/\/zanpetek.si\/izdelek\/sportni-pogon\/#primaryimage","url":"https:\/\/zanpetek.si\/wp-content\/uploads\/2023\/10\/5-2.png","contentUrl":"https:\/\/zanpetek.si\/wp-content\/uploads\/2023\/10\/5-2.png","width":1080,"height":1080},{"@type":"BreadcrumbList","@id":"https:\/\/zanpetek.si\/izdelek\/sportni-pogon\/#breadcrumb","itemListElement":[{"@type":"ListItem","position":1,"name":"Home","item":"https:\/\/zanpetek.si\/"},{"@type":"ListItem","position":2,"name":"Trgovina","item":"https:\/\/zanpetek.si\/trgovina\/"},{"@type":"ListItem","position":3,"name":"\u0160PORTNI POGON"}]},{"@type":"WebSite","@id":"https:\/\/zanpetek.si\/#website","url":"https:\/\/zanpetek.si\/","name":"Zan Petek","description":"zanpetek.si","potentialAction":[{"@type":"SearchAction","target":{"@type":"EntryPoint","urlTemplate":"https:\/\/zanpetek.si\/?s={search_term_string}"},"query-input":{"@type":"PropertyValueSpecification","valueRequired":true,"valueName":"search_term_string"}}],"inLanguage":"en-US"}]}},"_links":{"self":[{"href":"https:\/\/zanpetek.si\/en\/wp-json\/wp\/v2\/product\/5565","targetHints":{"allow":["GET"]}}],"collection":[{"href":"https:\/\/zanpetek.si\/en\/wp-json\/wp\/v2\/product"}],"about":[{"href":"https:\/\/zanpetek.si\/en\/wp-json\/wp\/v2\/types\/product"}],"replies":[{"embeddable":true,"href":"https:\/\/zanpetek.si\/en\/wp-json\/wp\/v2\/comments?post=5565"}],"wp:featuredmedia":[{"embeddable":true,"href":"https:\/\/zanpetek.si\/en\/wp-json\/wp\/v2\/media\/6095"}],"wp:attachment":[{"href":"https:\/\/zanpetek.si\/en\/wp-json\/wp\/v2\/media?parent=5565"}],"wp:term":[{"taxonomy":"product_brand","embeddable":true,"href":"https:\/\/zanpetek.si\/en\/wp-json\/wp\/v2\/product_brand?post=5565"},{"taxonomy":"product_cat","embeddable":true,"href":"https:\/\/zanpetek.si\/en\/wp-json\/wp\/v2\/product_cat?post=5565"},{"taxonomy":"product_tag","embeddable":true,"href":"https:\/\/zanpetek.si\/en\/wp-json\/wp\/v2\/product_tag?post=5565"}],"curies":[{"name":"wp","href":"https:\/\/api.w.org\/{rel}","templated":true}]}}